{"id":3101,"date":"2019-03-29T14:11:23","date_gmt":"2019-03-29T13:11:23","guid":{"rendered":"http:\/\/ippez.pl\/?page_id=3101"},"modified":"2025-10-07T17:59:13","modified_gmt":"2025-10-07T15:59:13","slug":"forum-patients","status":"publish","type":"page","link":"https:\/\/ippez.pl\/en\/co-robimy\/kampanie\/forum-pacjentow\/","title":{"rendered":"Patients' Forum"},"content":{"rendered":"<p>11 February of the year is celebrated <strong>World Day of the Sick,<\/strong> which provides a special opportunity to express respect and appreciation to healthcare professionals, volunteers, family members, organisations and all those who selflessly dedicate themselves to the well-being of patients. On this occasion, on the initiative of the Institute for Patients' Rights and Health Education, the Forum of Patients' Organisations has been held in Warsaw every year since 2007, with the participation of more than 150 patient organisation leaders representing the voice of several hundred thousand patients from all over Poland.<\/p>\n<p>The annual meeting held during the Forum with the participation of state health policy-makers, including the Minister of Health, the President of the NFZ, the Patient Ombudsman and public health experts, provides a platform for the integration of the patient organisation community and enables the leaders of individual organisations to draw attention to the biggest problems they face in their day-to-day activities. This is the largest conference of its kind aimed at patient leaders representing patients in various therapeutic areas. This makes the Forum an effective platform for the exchange of experiences\u0301 between organisations operating in different areas of health care and fosters discussion on systemic solutions to improve the quality of life of patients.<\/p>\n<p style=\"text-align: justify;\"><strong>Patients' Organisations Forum<\/strong> is a meeting organised by us with the participation of representatives of patient organisations with the aim of integrating the environment and training the organisation's staff in the fields of communication, management, public health, financing, issues relevant to NGOs. The intention of the Forum is to initiate solutions that will improve systemic patient care. It is the largest conference of its kind aimed at patient leaders representing patients in various therapeutic areas. This makes the Forum an effective platform for the exchange of experience\u0301 between organisations working in different areas of health care and fosters discussion on systemic solutions to improve the quality of life of patients.<\/p>\n<p><strong><u>WORLD SICK DAY<\/u><\/strong><strong><u>\u2028 <\/u><\/strong><strong><u>(11.02)<\/u><\/strong><\/p>\n<p style=\"text-align: justify;\">The day was established by Pope John Paul II on 13 May 1992, on the 11th anniversary of the attempt on his life, and the day\u0301s date was set for 11 February. World Day of the Sick encourages efforts to alleviate the suffering of those struggling with illness. It also emphasises\u0307 that suffering is a kind of trial in life, which is difficult to cope with\u0301 on one's own. Adequate medical care alone is not enough, but a sincere heart shown by another person is needed. Selfless, self-sacrificing\u0301 and fraternal love care for a person\u0328 in need of our interest is not only an irreplaceable\u0328 form of therapy for the sick person himself, but also an\u0307 opportunity to discover valuable humanistic and spiritual values in ourselves.<\/p>\n<p><strong><u>NATIONAL CARERS' DAY (12.02)<\/u><\/strong><\/p>\n<p style=\"text-align: justify;\">The role of the carer in the recovery process of a person who is ill is invaluable. Despite this, until now there has not been a day in the calendars to acknowledge the dedication and express gratitude to these people. On the initiative of eight patient organisations, a National Carers' Day has been established and will be celebrated for the first time this year. The intention of the initiators of this day is to draw attention to the problems and needs of carers and to thank them for their support.<\/p>\n<p style=\"text-align: justify;\">The date on which this day was established was not chosen by chance. 12 February falls the day\u0301 after the celebration of World Day of the Sick, which draws attention\u0328 to patients and their problems in illness. The establishment of the National Carer's Day aims to highlight the unique relationship that links the sick person with their carer and to emphasise the huge role of the carer in the illness and recovery process. It is also a call for increased activities\u0301 education and real assistance that can improve\u0301 quality of life and make it easier\u0301 to care for sick loved ones.<\/p>\n<p style=\"text-align: justify;\">Organisations that signed a joint declaration to mark the day include the Institute for Patients' Rights and Health Education, the Polish Coalition of Oncology Patients Foundation, the Mazovian Association of People with Parkinson's Disease, the \"OnkoCafe - Together Better\" Foundation, the EuropaColon Poland Foundation, the Federation of Amazon Associations, the Alivia Oncology Foundation and the \"Appetite for Life\" Association.<\/p>\n<div id='gallery-1' class='gallery galleryid-3101 gallery-columns-4 gallery-size-thumbnail'><dl class='gallery-item'>\n\t\t\t<dt class='gallery-icon landscape'>\n\t\t\t\t<a href=\"https:\/\/ippez.pl\/wp-content\/uploads\/2019\/03\/fot.Marta-Ankiersztejn-10-1170x779.jpg\"><img decoding=\"async\" width=\"600\" height=\"600\" src=\"https:\/\/ippez.pl\/wp-content\/uploads\/2019\/03\/fot.Marta-Ankiersztejn-10-600x600.jpg\" class=\"attachment-thumbnail size-thumbnail\" alt=\"\"><\/a>\n\t\t\t<\/dt><\/dl><dl class='gallery-item'>\n\t\t\t<dt class='gallery-icon landscape'>\n\t\t\t\t<a href=\"https:\/\/ippez.pl\/wp-content\/uploads\/2019\/03\/fot.Marta-Ankiersztejn-17-1170x779.jpg\"><img decoding=\"async\" width=\"600\" height=\"600\" src=\"https:\/\/ippez.pl\/wp-content\/uploads\/2019\/03\/fot.Marta-Ankiersztejn-17-600x600.jpg\" class=\"attachment-thumbnail size-thumbnail\" alt=\"\"><\/a>\n\t\t\t<\/dt><\/dl><dl class='gallery-item'>\n\t\t\t<dt class='gallery-icon landscape'>\n\t\t\t\t<a href=\"https:\/\/ippez.pl\/wp-content\/uploads\/2024\/10\/428365615_849145310351182_5536840678369860931_n-1170x780.jpg\"><img decoding=\"async\" width=\"600\" height=\"600\" src=\"https:\/\/ippez.pl\/wp-content\/uploads\/2024\/10\/428365615_849145310351182_5536840678369860931_n-600x600.jpg\" class=\"attachment-thumbnail size-thumbnail\" alt=\"\"><\/a>\n\t\t\t<\/dt><\/dl><dl class='gallery-item'>\n\t\t\t<dt class='gallery-icon landscape'>\n\t\t\t\t<a href=\"https:\/\/ippez.pl\/wp-content\/uploads\/2025\/07\/IMAGIOMEDIA_0234-1170x780.jpg\"><img decoding=\"async\" width=\"600\" height=\"600\" src=\"https:\/\/ippez.pl\/wp-content\/uploads\/2025\/07\/IMAGIOMEDIA_0234-600x600.jpg\" class=\"attachment-thumbnail size-thumbnail\" alt=\"\"><\/a>\n\t\t\t<\/dt><\/dl><br style=\"clear: both\" \/><dl class='gallery-item'>\n\t\t\t<dt class='gallery-icon landscape'>\n\t\t\t\t<a href=\"https:\/\/ippez.pl\/wp-content\/uploads\/2024\/10\/428405465_849145360351177_4637403519334661931_n-1170x780.jpg\"><img decoding=\"async\" width=\"600\" height=\"600\" src=\"https:\/\/ippez.pl\/wp-content\/uploads\/2024\/10\/428405465_849145360351177_4637403519334661931_n-600x600.jpg\" class=\"attachment-thumbnail size-thumbnail\" alt=\"\"><\/a>\n\t\t\t<\/dt><\/dl><dl class='gallery-item'>\n\t\t\t<dt class='gallery-icon landscape'>\n\t\t\t\t<a href=\"https:\/\/ippez.pl\/wp-content\/uploads\/2025\/07\/IMAGIOMEDIA_0101-1170x780.jpg\"><img decoding=\"async\" width=\"600\" height=\"600\" src=\"https:\/\/ippez.pl\/wp-content\/uploads\/2025\/07\/IMAGIOMEDIA_0101-600x600.jpg\" class=\"attachment-thumbnail size-thumbnail\" alt=\"\"><\/a>\n\t\t\t<\/dt><\/dl><dl class='gallery-item'>\n\t\t\t<dt class='gallery-icon landscape'>\n\t\t\t\t<a href=\"https:\/\/ippez.pl\/wp-content\/uploads\/2025\/07\/IMAGIOMEDIA_0103-1170x780.jpg\"><img decoding=\"async\" width=\"600\" height=\"600\" src=\"https:\/\/ippez.pl\/wp-content\/uploads\/2025\/07\/IMAGIOMEDIA_0103-600x600.jpg\" class=\"attachment-thumbnail size-thumbnail\" alt=\"\"><\/a>\n\t\t\t<\/dt><\/dl><dl class='gallery-item'>\n\t\t\t<dt class='gallery-icon landscape'>\n\t\t\t\t<a href=\"https:\/\/ippez.pl\/wp-content\/uploads\/2024\/10\/428077001_849145983684448_371011733654104269_n-1170x780.jpg\"><img decoding=\"async\" width=\"600\" height=\"600\" src=\"https:\/\/ippez.pl\/wp-content\/uploads\/2024\/10\/428077001_849145983684448_371011733654104269_n-600x600.jpg\" class=\"attachment-thumbnail size-thumbnail\" alt=\"\"><\/a>\n\t\t\t<\/dt><\/dl><br style=\"clear: both\" \/><dl class='gallery-item'>\n\t\t\t<dt class='gallery-icon landscape'>\n\t\t\t\t<a href=\"https:\/\/ippez.pl\/wp-content\/uploads\/2025\/07\/IMAGIO0112-1170x780.jpg\"><img decoding=\"async\" width=\"600\" height=\"600\" src=\"https:\/\/ippez.pl\/wp-content\/uploads\/2025\/07\/IMAGIO0112-600x600.jpg\" class=\"attachment-thumbnail size-thumbnail\" alt=\"\"><\/a>\n\t\t\t<\/dt><\/dl><dl class='gallery-item'>\n\t\t\t<dt class='gallery-icon landscape'>\n\t\t\t\t<a href=\"https:\/\/ippez.pl\/wp-content\/uploads\/2019\/03\/fot.-Marta-Ankiersztejn-32.jpg\"><img decoding=\"async\" width=\"600\" height=\"600\" src=\"https:\/\/ippez.pl\/wp-content\/uploads\/2019\/03\/fot.-Marta-Ankiersztejn-32-600x600.jpg\" class=\"attachment-thumbnail size-thumbnail\" alt=\"\"><\/a>\n\t\t\t<\/dt><\/dl><dl class='gallery-item'>\n\t\t\t<dt class='gallery-icon landscape'>\n\t\t\t\t<a href=\"https:\/\/ippez.pl\/wp-content\/uploads\/2025\/07\/IMAGIOMEDIA_0177-1170x780.jpg\"><img decoding=\"async\" width=\"600\" height=\"600\" src=\"https:\/\/ippez.pl\/wp-content\/uploads\/2025\/07\/IMAGIOMEDIA_0177-600x600.jpg\" class=\"attachment-thumbnail size-thumbnail\" alt=\"\"><\/a>\n\t\t\t<\/dt><\/dl><dl class='gallery-item'>\n\t\t\t<dt class='gallery-icon landscape'>\n\t\t\t\t<a href=\"https:\/\/ippez.pl\/wp-content\/uploads\/2019\/03\/IMG_0722-1170x780.jpg\"><img decoding=\"async\" width=\"600\" height=\"600\" src=\"https:\/\/ippez.pl\/wp-content\/uploads\/2019\/03\/IMG_0722-600x600.jpg\" class=\"attachment-thumbnail size-thumbnail\" alt=\"\"><\/a>\n\t\t\t<\/dt><\/dl><br style=\"clear: both\" \/>\n\t\t<\/div>","protected":false},"excerpt":{"rendered":"<p>11 lutego roku obchodzony jest \u015awiatowy Dzie\u0144 Chorego, kt\u00f3ry stanowi szczeg\u00f3ln\u0105 okazj\u0119 do wyra\u017cenia szacunku i uznania pracownikom s\u0142u\u017cby zdrowia, wolontariuszom, cz\u0142onkom rodziny, organizacjom oraz wszystkim tym, kt\u00f3rzy bezinteresownie po\u015bwi\u0119caj\u0105 [&hellip;]<\/p>\n","protected":false},"author":8,"featured_media":5597,"parent":24,"menu_order":5,"comment_status":"closed","ping_status":"closed","template":"","meta":{"_acf_changed":false,"_et_pb_use_builder":"","_et_pb_old_content":"","_et_gb_content_width":"","inline_featured_image":false,"footnotes":""},"class_list":["post-3101","page","type-page","status-publish","has-post-thumbnail","hentry"],"acf":[],"yoast_head":"<!-- This site is optimized with the Yoast SEO plugin v27.4 - https:\/\/yoast.com\/product\/yoast-seo-wordpress\/ -->\n<title>Instytut Praw Pacjenta i Edukacji Zdrowotnej<\/title>\n<meta name=\"robots\" content=\"index, follow, max-snippet:-1, max-image-preview:large, max-video-preview:-1\" \/>\n<link rel=\"canonical\" href=\"https:\/\/ippez.pl\/en\/what-we-do\/campaigns-2\/forum-patients\/\" \/>\n<meta property=\"og:locale\" content=\"en_GB\" \/>\n<meta property=\"og:type\" content=\"article\" \/>\n<meta property=\"og:title\" content=\"Forum Pacjent\u00f3w - Instytut Praw Pacjenta i Edukacji Zdrowotnej\" \/>\n<meta property=\"og:description\" content=\"11 lutego roku obchodzony jest \u015awiatowy Dzie\u0144 Chorego, kt\u00f3ry stanowi szczeg\u00f3ln\u0105 okazj\u0119 do wyra\u017cenia szacunku i uznania pracownikom s\u0142u\u017cby zdrowia, wolontariuszom, cz\u0142onkom rodziny, organizacjom oraz wszystkim tym, kt\u00f3rzy bezinteresownie po\u015bwi\u0119caj\u0105 [&hellip;]\" \/>\n<meta property=\"og:url\" content=\"https:\/\/ippez.pl\/en\/what-we-do\/campaigns-2\/forum-patients\/\" \/>\n<meta property=\"og:site_name\" content=\"Instytut Praw Pacjenta i Edukacji Zdrowotnej\" \/>\n<meta property=\"article:publisher\" content=\"https:\/\/www.facebook.com\/Instytutprawpacjenta\" \/>\n<meta property=\"article:modified_time\" content=\"2025-10-07T15:59:13+00:00\" \/>\n<meta property=\"og:image\" content=\"https:\/\/ippez.pl\/wp-content\/uploads\/2018\/12\/30_12_2022_forumOrgPacjenta_logo_ok.jpg\" \/>\n\t<meta property=\"og:image:width\" content=\"1915\" \/>\n\t<meta property=\"og:image:height\" content=\"954\" \/>\n\t<meta property=\"og:image:type\" content=\"image\/jpeg\" \/>\n<meta name=\"twitter:card\" content=\"summary_large_image\" \/>\n<meta name=\"twitter:site\" content=\"@Instytut_IPPEZ\" \/>\n<script type=\"application\/ld+json\" class=\"yoast-schema-graph\">{\"@context\":\"https:\\\/\\\/schema.org\",\"@graph\":[{\"@type\":[\"WebPage\",\"MedicalWebPage\"],\"@id\":\"https:\\\/\\\/ippez.pl\\\/co-robimy\\\/kampanie\\\/forum-pacjentow\\\/\",\"url\":\"https:\\\/\\\/ippez.pl\\\/co-robimy\\\/kampanie\\\/forum-pacjentow\\\/\",\"name\":\"Forum Pacjent\u00f3w - Instytut Praw Pacjenta i Edukacji Zdrowotnej\",\"isPartOf\":{\"@id\":\"https:\\\/\\\/ippez.pl\\\/#website\"},\"primaryImageOfPage\":{\"@id\":\"https:\\\/\\\/ippez.pl\\\/co-robimy\\\/kampanie\\\/forum-pacjentow\\\/#primaryimage\"},\"image\":{\"@id\":\"https:\\\/\\\/ippez.pl\\\/co-robimy\\\/kampanie\\\/forum-pacjentow\\\/#primaryimage\"},\"thumbnailUrl\":\"https:\\\/\\\/ippez.pl\\\/wp-content\\\/uploads\\\/2018\\\/12\\\/30_12_2022_forumOrgPacjenta_logo_ok.jpg\",\"datePublished\":\"2019-03-29T13:11:23+00:00\",\"dateModified\":\"2025-10-07T15:59:13+00:00\",\"breadcrumb\":{\"@id\":\"https:\\\/\\\/ippez.pl\\\/co-robimy\\\/kampanie\\\/forum-pacjentow\\\/#breadcrumb\"},\"inLanguage\":\"en-GB\",\"potentialAction\":[{\"@type\":\"ReadAction\",\"target\":[\"https:\\\/\\\/ippez.pl\\\/co-robimy\\\/kampanie\\\/forum-pacjentow\\\/\"]}]},{\"@type\":\"ImageObject\",\"inLanguage\":\"en-GB\",\"@id\":\"https:\\\/\\\/ippez.pl\\\/co-robimy\\\/kampanie\\\/forum-pacjentow\\\/#primaryimage\",\"url\":\"https:\\\/\\\/ippez.pl\\\/wp-content\\\/uploads\\\/2018\\\/12\\\/30_12_2022_forumOrgPacjenta_logo_ok.jpg\",\"contentUrl\":\"https:\\\/\\\/ippez.pl\\\/wp-content\\\/uploads\\\/2018\\\/12\\\/30_12_2022_forumOrgPacjenta_logo_ok.jpg\",\"width\":1915,\"height\":954},{\"@type\":\"BreadcrumbList\",\"@id\":\"https:\\\/\\\/ippez.pl\\\/co-robimy\\\/kampanie\\\/forum-pacjentow\\\/#breadcrumb\",\"itemListElement\":[{\"@type\":\"ListItem\",\"position\":1,\"name\":\"Strona g\u0142\u00f3wna\",\"item\":\"https:\\\/\\\/ippez.pl\\\/\"},{\"@type\":\"ListItem\",\"position\":2,\"name\":\"Co robimy\",\"item\":\"https:\\\/\\\/ippez.pl\\\/co-robimy\\\/\"},{\"@type\":\"ListItem\",\"position\":3,\"name\":\"Kampanie\",\"item\":\"https:\\\/\\\/ippez.pl\\\/co-robimy\\\/kampanie\\\/\"},{\"@type\":\"ListItem\",\"position\":4,\"name\":\"Forum Pacjent\u00f3w\"}]},{\"@type\":\"WebSite\",\"@id\":\"https:\\\/\\\/ippez.pl\\\/#website\",\"url\":\"https:\\\/\\\/ippez.pl\\\/\",\"name\":\"Instytut Praw Pacjenta i Edukacji Zdrowotnej\",\"description\":\"Wspieramy rozwi\u0105zania systemowe ukierunkowane na popraw\u0119 sytuacji pacjent\u00f3w oraz oddzia\u0142ywanie na kszta\u0142towanie prozdrowotnych postaw Polak\u00f3w.\",\"publisher\":{\"@id\":\"https:\\\/\\\/ippez.pl\\\/#organization\"},\"potentialAction\":[{\"@type\":\"SearchAction\",\"target\":{\"@type\":\"EntryPoint\",\"urlTemplate\":\"https:\\\/\\\/ippez.pl\\\/?s={search_term_string}\"},\"query-input\":{\"@type\":\"PropertyValueSpecification\",\"valueRequired\":true,\"valueName\":\"search_term_string\"}}],\"inLanguage\":\"en-GB\"},{\"@type\":\"MedicalOrganization\",\"@id\":\"https:\\\/\\\/ippez.pl\\\/#organization\",\"name\":\"Instytut Praw Pacjenta i Edukacji Zdrowotnej\",\"url\":\"https:\\\/\\\/ippez.pl\\\/\",\"logo\":{\"@type\":\"ImageObject\",\"inLanguage\":\"en-GB\",\"@id\":\"https:\\\/\\\/ippez.pl\\\/#\\\/schema\\\/logo\\\/image\\\/\",\"url\":\"https:\\\/\\\/ippez.pl\\\/wp-content\\\/uploads\\\/2022\\\/12\\\/Logo-poziom.jpg\",\"contentUrl\":\"https:\\\/\\\/ippez.pl\\\/wp-content\\\/uploads\\\/2022\\\/12\\\/Logo-poziom.jpg\",\"width\":1200,\"height\":630,\"caption\":\"Instytut Praw Pacjenta i Edukacji Zdrowotnej\"},\"image\":{\"@id\":\"https:\\\/\\\/ippez.pl\\\/#\\\/schema\\\/logo\\\/image\\\/\"},\"sameAs\":[\"https:\\\/\\\/www.facebook.com\\\/Instytutprawpacjenta\",\"https:\\\/\\\/x.com\\\/Instytut_IPPEZ\",\"https:\\\/\\\/www.youtube.com\\\/@instytutPrawPacjenta\"]}]}<\/script>\n<!-- \/ Yoast SEO plugin. -->","yoast_head_json":{"title":"Institute for Patients' Rights and Health Education","robots":{"index":"index","follow":"follow","max-snippet":"max-snippet:-1","max-image-preview":"max-image-preview:large","max-video-preview":"max-video-preview:-1"},"canonical":"https:\/\/ippez.pl\/en\/what-we-do\/campaigns-2\/forum-patients\/","og_locale":"en_GB","og_type":"article","og_title":"Forum Pacjent\u00f3w - Instytut Praw Pacjenta i Edukacji Zdrowotnej","og_description":"11 lutego roku obchodzony jest \u015awiatowy Dzie\u0144 Chorego, kt\u00f3ry stanowi szczeg\u00f3ln\u0105 okazj\u0119 do wyra\u017cenia szacunku i uznania pracownikom s\u0142u\u017cby zdrowia, wolontariuszom, cz\u0142onkom rodziny, organizacjom oraz wszystkim tym, kt\u00f3rzy bezinteresownie po\u015bwi\u0119caj\u0105 [&hellip;]","og_url":"https:\/\/ippez.pl\/en\/what-we-do\/campaigns-2\/forum-patients\/","og_site_name":"Instytut Praw Pacjenta i Edukacji Zdrowotnej","article_publisher":"https:\/\/www.facebook.com\/Instytutprawpacjenta","article_modified_time":"2025-10-07T15:59:13+00:00","og_image":[{"width":1915,"height":954,"url":"https:\/\/ippez.pl\/wp-content\/uploads\/2018\/12\/30_12_2022_forumOrgPacjenta_logo_ok.jpg","type":"image\/jpeg"}],"twitter_card":"summary_large_image","twitter_site":"@Instytut_IPPEZ","schema":{"@context":"https:\/\/schema.org","@graph":[{"@type":["WebPage","MedicalWebPage"],"@id":"https:\/\/ippez.pl\/co-robimy\/kampanie\/forum-pacjentow\/","url":"https:\/\/ippez.pl\/co-robimy\/kampanie\/forum-pacjentow\/","name":"Patients' Forum - Institute for Patients' Rights and Health Education","isPartOf":{"@id":"https:\/\/ippez.pl\/#website"},"primaryImageOfPage":{"@id":"https:\/\/ippez.pl\/co-robimy\/kampanie\/forum-pacjentow\/#primaryimage"},"image":{"@id":"https:\/\/ippez.pl\/co-robimy\/kampanie\/forum-pacjentow\/#primaryimage"},"thumbnailUrl":"https:\/\/ippez.pl\/wp-content\/uploads\/2018\/12\/30_12_2022_forumOrgPacjenta_logo_ok.jpg","datePublished":"2019-03-29T13:11:23+00:00","dateModified":"2025-10-07T15:59:13+00:00","breadcrumb":{"@id":"https:\/\/ippez.pl\/co-robimy\/kampanie\/forum-pacjentow\/#breadcrumb"},"inLanguage":"en-GB","potentialAction":[{"@type":"ReadAction","target":["https:\/\/ippez.pl\/co-robimy\/kampanie\/forum-pacjentow\/"]}]},{"@type":"ImageObject","inLanguage":"en-GB","@id":"https:\/\/ippez.pl\/co-robimy\/kampanie\/forum-pacjentow\/#primaryimage","url":"https:\/\/ippez.pl\/wp-content\/uploads\/2018\/12\/30_12_2022_forumOrgPacjenta_logo_ok.jpg","contentUrl":"https:\/\/ippez.pl\/wp-content\/uploads\/2018\/12\/30_12_2022_forumOrgPacjenta_logo_ok.jpg","width":1915,"height":954},{"@type":"BreadcrumbList","@id":"https:\/\/ippez.pl\/co-robimy\/kampanie\/forum-pacjentow\/#breadcrumb","itemListElement":[{"@type":"ListItem","position":1,"name":"Strona g\u0142\u00f3wna","item":"https:\/\/ippez.pl\/"},{"@type":"ListItem","position":2,"name":"Co robimy","item":"https:\/\/ippez.pl\/co-robimy\/"},{"@type":"ListItem","position":3,"name":"Kampanie","item":"https:\/\/ippez.pl\/co-robimy\/kampanie\/"},{"@type":"ListItem","position":4,"name":"Forum Pacjent\u00f3w"}]},{"@type":"WebSite","@id":"https:\/\/ippez.pl\/#website","url":"https:\/\/ippez.pl\/","name":"Institute for Patients' Rights and Health Education","description":"We support systemic solutions aimed at improving the situation of patients and influencing the development of health-seeking attitudes among Poles.","publisher":{"@id":"https:\/\/ippez.pl\/#organization"},"potentialAction":[{"@type":"SearchAction","target":{"@type":"EntryPoint","urlTemplate":"https:\/\/ippez.pl\/?s={search_term_string}"},"query-input":{"@type":"PropertyValueSpecification","valueRequired":true,"valueName":"search_term_string"}}],"inLanguage":"en-GB"},{"@type":"MedicalOrganization","@id":"https:\/\/ippez.pl\/#organization","name":"Institute for Patients' Rights and Health Education","url":"https:\/\/ippez.pl\/","logo":{"@type":"ImageObject","inLanguage":"en-GB","@id":"https:\/\/ippez.pl\/#\/schema\/logo\/image\/","url":"https:\/\/ippez.pl\/wp-content\/uploads\/2022\/12\/Logo-poziom.jpg","contentUrl":"https:\/\/ippez.pl\/wp-content\/uploads\/2022\/12\/Logo-poziom.jpg","width":1200,"height":630,"caption":"Instytut Praw Pacjenta i Edukacji Zdrowotnej"},"image":{"@id":"https:\/\/ippez.pl\/#\/schema\/logo\/image\/"},"sameAs":["https:\/\/www.facebook.com\/Instytutprawpacjenta","https:\/\/x.com\/Instytut_IPPEZ","https:\/\/www.youtube.com\/@instytutPrawPacjenta"]}]}},"_links":{"self":[{"href":"https:\/\/ippez.pl\/en\/wp-json\/wp\/v2\/pages\/3101","targetHints":{"allow":["GET"]}}],"collection":[{"href":"https:\/\/ippez.pl\/en\/wp-json\/wp\/v2\/pages"}],"about":[{"href":"https:\/\/ippez.pl\/en\/wp-json\/wp\/v2\/types\/page"}],"author":[{"embeddable":true,"href":"https:\/\/ippez.pl\/en\/wp-json\/wp\/v2\/users\/8"}],"replies":[{"embeddable":true,"href":"https:\/\/ippez.pl\/en\/wp-json\/wp\/v2\/comments?post=3101"}],"version-history":[{"count":4,"href":"https:\/\/ippez.pl\/en\/wp-json\/wp\/v2\/pages\/3101\/revisions"}],"predecessor-version":[{"id":9882,"href":"https:\/\/ippez.pl\/en\/wp-json\/wp\/v2\/pages\/3101\/revisions\/9882"}],"up":[{"embeddable":true,"href":"https:\/\/ippez.pl\/en\/wp-json\/wp\/v2\/pages\/24"}],"wp:featuredmedia":[{"embeddable":true,"href":"https:\/\/ippez.pl\/en\/wp-json\/wp\/v2\/media\/5597"}],"wp:attachment":[{"href":"https:\/\/ippez.pl\/en\/wp-json\/wp\/v2\/media?parent=3101"}],"curies":[{"name":"wp","href":"https:\/\/api.w.org\/{rel}","templated":true}]}}