{"id":2726,"date":"2018-12-07T14:18:31","date_gmt":"2018-12-07T13:18:31","guid":{"rendered":"http:\/\/ippez.pl\/?page_id=2726"},"modified":"2024-02-02T12:13:50","modified_gmt":"2024-02-02T11:13:50","slug":"ippez","status":"publish","type":"page","link":"https:\/\/ippez.pl\/en\/","title":{"rendered":"IPPEZ"},"content":{"rendered":"<p>[et_pb_section admin_label=&#8221;section&#8221;]<br \/>\n\t\t\t[et_pb_row admin_label=&#8221;row&#8221;]<br \/>\n\t\t\t\t[et_pb_column type=&#8221;4_4&#8243;][\/et_pb_column]<br \/>\n\t\t\t[\/et_pb_row]<br \/>\n\t\t[\/et_pb_section]<\/p>\n","protected":false},"excerpt":{"rendered":"<p>&#8230;<\/p>","protected":false},"author":8,"featured_media":0,"parent":0,"menu_order":0,"comment_status":"closed","ping_status":"closed","template":"","meta":{"_acf_changed":false,"_et_pb_use_builder":"on","_et_pb_old_content":"","_et_gb_content_width":"","inline_featured_image":false,"footnotes":""},"class_list":["post-2726","page","type-page","status-publish","hentry"],"acf":[],"yoast_head":"<!-- This site is optimized with the Yoast SEO plugin v27.6 - https:\/\/yoast.com\/product\/yoast-seo-wordpress\/ -->\n<title>Instytut Praw Pacjenta i Edukacji Zdrowotnej<\/title>\n<meta name=\"robots\" content=\"index, follow, max-snippet:-1, max-image-preview:large, max-video-preview:-1\" \/>\n<link rel=\"canonical\" href=\"https:\/\/ippez.pl\/en\/\" \/>\n<meta property=\"og:locale\" content=\"en_GB\" \/>\n<meta property=\"og:type\" content=\"article\" \/>\n<meta property=\"og:title\" content=\"Instytut Praw Pacjenta i Edukacji Zdrowotnej\" \/>\n<meta property=\"og:description\" content=\"Wspieramy rozwi\u0105zania systemowe ukierunkowane na popraw\u0119 sytuacji pacjent\u00f3w oraz oddzia\u0142ywanie na kszta\u0142towanie prozdrowotnych postaw Polak\u00f3w.\" \/>\n<meta property=\"og:url\" content=\"https:\/\/ippez.pl\/en\/\" \/>\n<meta property=\"og:site_name\" content=\"Instytut Praw Pacjenta i Edukacji Zdrowotnej\" \/>\n<meta property=\"article:publisher\" content=\"https:\/\/www.facebook.com\/Instytutprawpacjenta\" \/>\n<meta property=\"article:modified_time\" content=\"2024-02-02T11:13:50+00:00\" \/>\n<meta property=\"og:image\" content=\"https:\/\/ippez.pl\/wp-content\/uploads\/2022\/11\/ippez-default-image-scaled.jpg\" \/>\n\t<meta property=\"og:image:width\" content=\"2560\" \/>\n\t<meta property=\"og:image:height\" content=\"1257\" \/>\n\t<meta property=\"og:image:type\" content=\"image\/jpeg\" \/>\n<meta name=\"twitter:card\" content=\"summary_large_image\" \/>\n<meta name=\"twitter:title\" content=\"Instytut Praw Pacjenta i Edukacji Zdrowotnej\" \/>\n<meta name=\"twitter:description\" content=\"Wspieramy rozwi\u0105zania systemowe ukierunkowane na popraw\u0119 sytuacji pacjent\u00f3w oraz oddzia\u0142ywanie na kszta\u0142towanie prozdrowotnych postaw Polak\u00f3w.\" \/>\n<meta name=\"twitter:site\" content=\"@Instytut_IPPEZ\" \/>\n<script type=\"application\/ld+json\" class=\"yoast-schema-graph\">{\"@context\":\"https:\\\/\\\/schema.org\",\"@graph\":[{\"@type\":[\"WebPage\",\"MedicalWebPage\"],\"@id\":\"https:\\\/\\\/ippez.pl\\\/\",\"url\":\"https:\\\/\\\/ippez.pl\\\/\",\"name\":\"IPPEZ - Instytut Praw Pacjenta i Edukacji Zdrowotnej\",\"isPartOf\":{\"@id\":\"https:\\\/\\\/ippez.pl\\\/#website\"},\"datePublished\":\"2018-12-07T13:18:31+00:00\",\"dateModified\":\"2024-02-02T11:13:50+00:00\",\"breadcrumb\":{\"@id\":\"https:\\\/\\\/ippez.pl\\\/#breadcrumb\"},\"inLanguage\":\"en-GB\",\"potentialAction\":[{\"@type\":\"ReadAction\",\"target\":[\"https:\\\/\\\/ippez.pl\\\/\"]}]},{\"@type\":\"BreadcrumbList\",\"@id\":\"https:\\\/\\\/ippez.pl\\\/#breadcrumb\",\"itemListElement\":[{\"@type\":\"ListItem\",\"position\":1,\"name\":\"Strona g\u0142\u00f3wna\",\"item\":\"https:\\\/\\\/ippez.pl\\\/\"},{\"@type\":\"ListItem\",\"position\":2,\"name\":\"IPPEZ\"}]},{\"@type\":\"WebSite\",\"@id\":\"https:\\\/\\\/ippez.pl\\\/#website\",\"url\":\"https:\\\/\\\/ippez.pl\\\/\",\"name\":\"Instytut Praw Pacjenta i Edukacji Zdrowotnej\",\"description\":\"Wspieramy rozwi\u0105zania systemowe ukierunkowane na popraw\u0119 sytuacji pacjent\u00f3w oraz oddzia\u0142ywanie na kszta\u0142towanie prozdrowotnych postaw Polak\u00f3w.\",\"publisher\":{\"@id\":\"https:\\\/\\\/ippez.pl\\\/#organization\"},\"potentialAction\":[{\"@type\":\"SearchAction\",\"target\":{\"@type\":\"EntryPoint\",\"urlTemplate\":\"https:\\\/\\\/ippez.pl\\\/?s={search_term_string}\"},\"query-input\":{\"@type\":\"PropertyValueSpecification\",\"valueRequired\":true,\"valueName\":\"search_term_string\"}}],\"inLanguage\":\"en-GB\"},{\"@type\":\"MedicalOrganization\",\"@id\":\"https:\\\/\\\/ippez.pl\\\/#organization\",\"name\":\"Instytut Praw Pacjenta i Edukacji Zdrowotnej\",\"url\":\"https:\\\/\\\/ippez.pl\\\/\",\"logo\":{\"@type\":\"ImageObject\",\"inLanguage\":\"en-GB\",\"@id\":\"https:\\\/\\\/ippez.pl\\\/#\\\/schema\\\/logo\\\/image\\\/\",\"url\":\"https:\\\/\\\/ippez.pl\\\/wp-content\\\/uploads\\\/2022\\\/12\\\/Logo-poziom.jpg\",\"contentUrl\":\"https:\\\/\\\/ippez.pl\\\/wp-content\\\/uploads\\\/2022\\\/12\\\/Logo-poziom.jpg\",\"width\":1200,\"height\":630,\"caption\":\"Instytut Praw Pacjenta i Edukacji Zdrowotnej\"},\"image\":{\"@id\":\"https:\\\/\\\/ippez.pl\\\/#\\\/schema\\\/logo\\\/image\\\/\"},\"sameAs\":[\"https:\\\/\\\/www.facebook.com\\\/Instytutprawpacjenta\",\"https:\\\/\\\/x.com\\\/Instytut_IPPEZ\",\"https:\\\/\\\/www.youtube.com\\\/@instytutPrawPacjenta\"]}]}<\/script>\n<!-- \/ Yoast SEO plugin. -->","yoast_head_json":{"title":"Institute for Patients' Rights and Health Education","robots":{"index":"index","follow":"follow","max-snippet":"max-snippet:-1","max-image-preview":"max-image-preview:large","max-video-preview":"max-video-preview:-1"},"canonical":"https:\/\/ippez.pl\/en\/","og_locale":"en_GB","og_type":"article","og_title":"Instytut Praw Pacjenta i Edukacji Zdrowotnej","og_description":"Wspieramy rozwi\u0105zania systemowe ukierunkowane na popraw\u0119 sytuacji pacjent\u00f3w oraz oddzia\u0142ywanie na kszta\u0142towanie prozdrowotnych postaw Polak\u00f3w.","og_url":"https:\/\/ippez.pl\/en\/","og_site_name":"Instytut Praw Pacjenta i Edukacji Zdrowotnej","article_publisher":"https:\/\/www.facebook.com\/Instytutprawpacjenta","article_modified_time":"2024-02-02T11:13:50+00:00","og_image":[{"width":2560,"height":1257,"url":"https:\/\/ippez.pl\/wp-content\/uploads\/2022\/11\/ippez-default-image-scaled.jpg","type":"image\/jpeg"}],"twitter_card":"summary_large_image","twitter_title":"Instytut Praw Pacjenta i Edukacji Zdrowotnej","twitter_description":"Wspieramy rozwi\u0105zania systemowe ukierunkowane na popraw\u0119 sytuacji pacjent\u00f3w oraz oddzia\u0142ywanie na kszta\u0142towanie prozdrowotnych postaw Polak\u00f3w.","twitter_site":"@Instytut_IPPEZ","schema":{"@context":"https:\/\/schema.org","@graph":[{"@type":["WebPage","MedicalWebPage"],"@id":"https:\/\/ippez.pl\/","url":"https:\/\/ippez.pl\/","name":"IPPEZ - Institute for Patients' Rights and Health Education","isPartOf":{"@id":"https:\/\/ippez.pl\/#website"},"datePublished":"2018-12-07T13:18:31+00:00","dateModified":"2024-02-02T11:13:50+00:00","breadcrumb":{"@id":"https:\/\/ippez.pl\/#breadcrumb"},"inLanguage":"en-GB","potentialAction":[{"@type":"ReadAction","target":["https:\/\/ippez.pl\/"]}]},{"@type":"BreadcrumbList","@id":"https:\/\/ippez.pl\/#breadcrumb","itemListElement":[{"@type":"ListItem","position":1,"name":"Strona g\u0142\u00f3wna","item":"https:\/\/ippez.pl\/"},{"@type":"ListItem","position":2,"name":"IPPEZ"}]},{"@type":"WebSite","@id":"https:\/\/ippez.pl\/#website","url":"https:\/\/ippez.pl\/","name":"Institute for Patients' Rights and Health Education","description":"We support systemic solutions aimed at improving the situation of patients and influencing the development of health-seeking attitudes among Poles.","publisher":{"@id":"https:\/\/ippez.pl\/#organization"},"potentialAction":[{"@type":"SearchAction","target":{"@type":"EntryPoint","urlTemplate":"https:\/\/ippez.pl\/?s={search_term_string}"},"query-input":{"@type":"PropertyValueSpecification","valueRequired":true,"valueName":"search_term_string"}}],"inLanguage":"en-GB"},{"@type":"MedicalOrganization","@id":"https:\/\/ippez.pl\/#organization","name":"Institute for Patients' Rights and Health Education","url":"https:\/\/ippez.pl\/","logo":{"@type":"ImageObject","inLanguage":"en-GB","@id":"https:\/\/ippez.pl\/#\/schema\/logo\/image\/","url":"https:\/\/ippez.pl\/wp-content\/uploads\/2022\/12\/Logo-poziom.jpg","contentUrl":"https:\/\/ippez.pl\/wp-content\/uploads\/2022\/12\/Logo-poziom.jpg","width":1200,"height":630,"caption":"Instytut Praw Pacjenta i Edukacji Zdrowotnej"},"image":{"@id":"https:\/\/ippez.pl\/#\/schema\/logo\/image\/"},"sameAs":["https:\/\/www.facebook.com\/Instytutprawpacjenta","https:\/\/x.com\/Instytut_IPPEZ","https:\/\/www.youtube.com\/@instytutPrawPacjenta"]}]}},"_links":{"self":[{"href":"https:\/\/ippez.pl\/en\/wp-json\/wp\/v2\/pages\/2726","targetHints":{"allow":["GET"]}}],"collection":[{"href":"https:\/\/ippez.pl\/en\/wp-json\/wp\/v2\/pages"}],"about":[{"href":"https:\/\/ippez.pl\/en\/wp-json\/wp\/v2\/types\/page"}],"author":[{"embeddable":true,"href":"https:\/\/ippez.pl\/en\/wp-json\/wp\/v2\/users\/8"}],"replies":[{"embeddable":true,"href":"https:\/\/ippez.pl\/en\/wp-json\/wp\/v2\/comments?post=2726"}],"version-history":[{"count":2,"href":"https:\/\/ippez.pl\/en\/wp-json\/wp\/v2\/pages\/2726\/revisions"}],"predecessor-version":[{"id":6983,"href":"https:\/\/ippez.pl\/en\/wp-json\/wp\/v2\/pages\/2726\/revisions\/6983"}],"wp:attachment":[{"href":"https:\/\/ippez.pl\/en\/wp-json\/wp\/v2\/media?parent=2726"}],"curies":[{"name":"wp","href":"https:\/\/api.w.org\/{rel}","templated":true}]}}